{"id":411,"date":"2025-03-16T22:35:18","date_gmt":"2025-03-16T21:35:18","guid":{"rendered":"http:\/\/www.lagrandefamilleduchien.fr\/?page_id=411"},"modified":"2025-05-09T10:23:10","modified_gmt":"2025-05-09T08:23:10","slug":"notre-espace-presse-en-cours-de-construction","status":"publish","type":"page","link":"http:\/\/www.lagrandefamilleduchien.fr\/index.php\/notre-espace-presse-en-cours-de-construction\/","title":{"rendered":"Notre espace presse (en cours de construction)"},"content":{"rendered":"\n<p>Bonjour \u00e0 tous, <\/p>\n\n\n\n<p>Vous souhaitez connaitre l&rsquo;association de A \u00e0 Z ? Voici notre dossier de presse et notre communiqu\u00e9 de presse. <\/p>\n\n\n\n<p>Nous restons cependant \u00e0 votre disposition pour tout compl\u00e9ment d&rsquo;information ! <\/p>\n\n\n\n<div class=\"wp-block-columns is-layout-flex wp-container-core-columns-is-layout-9d6595d7 wp-block-columns-is-layout-flex\">\n<div class=\"wp-block-column is-layout-flow wp-block-column-is-layout-flow\">\n<figure class=\"wp-block-image size-large\"><img loading=\"lazy\" decoding=\"async\" width=\"724\" height=\"1024\" src=\"http:\/\/www.lagrandefamilleduchien.fr\/wp-content\/uploads\/2025\/03\/LGFC-724x1024.png\" alt=\"\" class=\"wp-image-412\" srcset=\"http:\/\/www.lagrandefamilleduchien.fr\/wp-content\/uploads\/2025\/03\/LGFC-724x1024.png 724w, http:\/\/www.lagrandefamilleduchien.fr\/wp-content\/uploads\/2025\/03\/LGFC-212x300.png 212w, http:\/\/www.lagrandefamilleduchien.fr\/wp-content\/uploads\/2025\/03\/LGFC-768x1086.png 768w, http:\/\/www.lagrandefamilleduchien.fr\/wp-content\/uploads\/2025\/03\/LGFC-1086x1536.png 1086w, http:\/\/www.lagrandefamilleduchien.fr\/wp-content\/uploads\/2025\/03\/LGFC-191x270.png 191w, http:\/\/www.lagrandefamilleduchien.fr\/wp-content\/uploads\/2025\/03\/LGFC.png 1414w\" sizes=\"auto, (max-width: 724px) 100vw, 724px\" \/><\/figure>\n<\/div>\n\n\n\n<div class=\"wp-block-column is-layout-flow wp-block-column-is-layout-flow\"><\/div>\n<\/div>\n","protected":false},"excerpt":{"rendered":"<p>Bonjour \u00e0 tous, Vous souhaitez connaitre l&rsquo;association de A \u00e0 Z ? Voici notre dossier de presse et notre communiqu\u00e9 de presse. Nous restons cependant \u00e0 votre disposition pour tout compl\u00e9ment d&rsquo;information !<\/p>\n","protected":false},"author":1,"featured_media":0,"parent":0,"menu_order":0,"comment_status":"closed","ping_status":"closed","template":"","meta":{"footnotes":""},"class_list":["post-411","page","type-page","status-publish","hentry"],"_links":{"self":[{"href":"http:\/\/www.lagrandefamilleduchien.fr\/index.php\/wp-json\/wp\/v2\/pages\/411","targetHints":{"allow":["GET"]}}],"collection":[{"href":"http:\/\/www.lagrandefamilleduchien.fr\/index.php\/wp-json\/wp\/v2\/pages"}],"about":[{"href":"http:\/\/www.lagrandefamilleduchien.fr\/index.php\/wp-json\/wp\/v2\/types\/page"}],"author":[{"embeddable":true,"href":"http:\/\/www.lagrandefamilleduchien.fr\/index.php\/wp-json\/wp\/v2\/users\/1"}],"replies":[{"embeddable":true,"href":"http:\/\/www.lagrandefamilleduchien.fr\/index.php\/wp-json\/wp\/v2\/comments?post=411"}],"version-history":[{"count":1,"href":"http:\/\/www.lagrandefamilleduchien.fr\/index.php\/wp-json\/wp\/v2\/pages\/411\/revisions"}],"predecessor-version":[{"id":415,"href":"http:\/\/www.lagrandefamilleduchien.fr\/index.php\/wp-json\/wp\/v2\/pages\/411\/revisions\/415"}],"wp:attachment":[{"href":"http:\/\/www.lagrandefamilleduchien.fr\/index.php\/wp-json\/wp\/v2\/media?parent=411"}],"curies":[{"name":"wp","href":"https:\/\/api.w.org\/{rel}","templated":true}]}}