{"id":255,"date":"2025-02-19T19:14:48","date_gmt":"2025-02-19T18:14:48","guid":{"rendered":"http:\/\/www.lagrandefamilleduchien.fr\/?page_id=255"},"modified":"2025-05-09T10:33:41","modified_gmt":"2025-05-09T08:33:41","slug":"nous-rejoindre","status":"publish","type":"page","link":"http:\/\/www.lagrandefamilleduchien.fr\/index.php\/nous-rejoindre\/","title":{"rendered":"Nous rejoindre"},"content":{"rendered":"\n<div class=\"wp-block-columns is-layout-flex wp-container-core-columns-is-layout-9d6595d7 wp-block-columns-is-layout-flex\">\n<div class=\"wp-block-column is-layout-flow wp-block-column-is-layout-flow\" style=\"flex-basis:33.33%\">\n<h3 class=\"wp-block-heading\">Espace Cani-ludique Michel Busard<\/h3>\n\n\n\n<p>Rte de Quetigny, 21850 Saint-Apollinaire <\/p>\n\n\n\n<p class=\"has-small-font-size\"><a href=\"contact@lagrandefamilleduchien.fr\" data-type=\"link\" data-id=\"contact@lagrandefamilleduchien.fr\" target=\"_blank\" rel=\"noreferrer noopener\">contact@lagrandefamilleduchien.fr<\/a><\/p>\n<\/div>\n\n\n\n<div class=\"wp-block-column is-layout-flow wp-block-column-is-layout-flow\" style=\"flex-basis:66.66%\"><style>.kb-google-maps-container255_77b464-23{max-width:777px;height:276px;}<\/style><div class=\"kb-google-maps-container kb-google-maps-container255_77b464-23  wp-block-kadence-googlemaps\" data-mapid=\"255_77b46423\"><iframe width=\"100%\" height=\"100%\"\n\t\t\t\t\t\t\tstyle=\"border:0\" loading=\"lazy\"\n\t\t\t\t\t\t\tsrc=\"https:\/\/www.google.com\/maps\/embed\/v1\/place?key=AIzaSyBAM2o7PiQqwk15LC1XRH2e_KJ-jUa7KYk&#038;zoom=11&#038;maptype=roadmap&#038;q=Espace+cani-ludique\"\n\t\t\t\t\t\t\ttitle=\"Carte Google de Espace cani-ludique\"><\/iframe><\/div><script>function kb_google_map255_77b46423() { let center = { lat: 37.8201, lng: -122.4781}; let map = new google.maps.Map(document.getElementById(\"kb-google-map255_77b46423\"), {\n\t\t\t\t\t    zoom: 11,\n\t\t\t\t\t    center: center,});let marker = new google.maps.Marker({   position: { lat: 37.8201, lng: -122.4781},    map: map,  });}<\/script><\/div>\n<\/div>\n\n\n\n<div class=\"wp-block-columns is-layout-flex wp-container-core-columns-is-layout-9d6595d7 wp-block-columns-is-layout-flex\">\n<div class=\"wp-block-column is-layout-flow wp-block-column-is-layout-flow\">\n<h2 class=\"wp-block-heading has-large-font-size\">Pour adh\u00e9rer <\/h2>\n\n\n\n<p>T\u00e9l\u00e9charger le bulletin d&rsquo;adh\u00e9sion <br>Compl\u00e9ter le bulletin et l&rsquo;envoyer par mail \u00e0 l&rsquo;adresse de l&rsquo;association : <br><a href=\"mailto:contact@lagrandefamilleduchien.fr\">contact@lagrandefamilleduchien.fr<\/a> <\/p>\n\n\n\n<p>Pour le paiement : <\/p>\n\n\n\n<ul class=\"wp-block-list\">\n<li>par ch\u00e8que <\/li>\n\n\n\n<li>par virement au RIB <\/li>\n<\/ul>\n\n\n\n<p><\/p>\n<\/div>\n\n\n\n<div class=\"wp-block-column is-layout-flow wp-block-column-is-layout-flow\"><div class=\"wp-block-image\">\n<figure class=\"aligncenter size-large is-resized\"><a href=\"http:\/\/www.lagrandefamilleduchien.fr\/wp-content\/uploads\/2025\/05\/Bulletin-dadhesion-2025.pdf\" target=\"_blank\" rel=\" noreferrer noopener\"><img loading=\"lazy\" decoding=\"async\" width=\"724\" height=\"1024\" src=\"http:\/\/www.lagrandefamilleduchien.fr\/wp-content\/uploads\/2025\/05\/Bulletin-dadhesion-2025.pdf-724x1024.png\" alt=\"\" class=\"wp-image-423\" style=\"width:421px;height:auto\" srcset=\"http:\/\/www.lagrandefamilleduchien.fr\/wp-content\/uploads\/2025\/05\/Bulletin-dadhesion-2025.pdf-724x1024.png 724w, http:\/\/www.lagrandefamilleduchien.fr\/wp-content\/uploads\/2025\/05\/Bulletin-dadhesion-2025.pdf-212x300.png 212w, http:\/\/www.lagrandefamilleduchien.fr\/wp-content\/uploads\/2025\/05\/Bulletin-dadhesion-2025.pdf-768x1086.png 768w, http:\/\/www.lagrandefamilleduchien.fr\/wp-content\/uploads\/2025\/05\/Bulletin-dadhesion-2025.pdf-1086x1536.png 1086w, http:\/\/www.lagrandefamilleduchien.fr\/wp-content\/uploads\/2025\/05\/Bulletin-dadhesion-2025.pdf-191x270.png 191w, http:\/\/www.lagrandefamilleduchien.fr\/wp-content\/uploads\/2025\/05\/Bulletin-dadhesion-2025.pdf.png 1414w\" sizes=\"auto, (max-width: 724px) 100vw, 724px\" \/><\/a><\/figure>\n<\/div><\/div>\n<\/div>\n","protected":false},"excerpt":{"rendered":"<p>Espace Cani-ludique Michel Busard Rte de Quetigny, 21850 Saint-Apollinaire contact@lagrandefamilleduchien.fr Pour adh\u00e9rer T\u00e9l\u00e9charger le bulletin d&rsquo;adh\u00e9sion Compl\u00e9ter le bulletin et l&rsquo;envoyer par mail \u00e0 l&rsquo;adresse de l&rsquo;association : contact@lagrandefamilleduchien.fr Pour le paiement :<\/p>\n","protected":false},"author":1,"featured_media":256,"parent":0,"menu_order":0,"comment_status":"closed","ping_status":"closed","template":"","meta":{"footnotes":""},"class_list":["post-255","page","type-page","status-publish","has-post-thumbnail","hentry"],"_links":{"self":[{"href":"http:\/\/www.lagrandefamilleduchien.fr\/index.php\/wp-json\/wp\/v2\/pages\/255","targetHints":{"allow":["GET"]}}],"collection":[{"href":"http:\/\/www.lagrandefamilleduchien.fr\/index.php\/wp-json\/wp\/v2\/pages"}],"about":[{"href":"http:\/\/www.lagrandefamilleduchien.fr\/index.php\/wp-json\/wp\/v2\/types\/page"}],"author":[{"embeddable":true,"href":"http:\/\/www.lagrandefamilleduchien.fr\/index.php\/wp-json\/wp\/v2\/users\/1"}],"replies":[{"embeddable":true,"href":"http:\/\/www.lagrandefamilleduchien.fr\/index.php\/wp-json\/wp\/v2\/comments?post=255"}],"version-history":[{"count":8,"href":"http:\/\/www.lagrandefamilleduchien.fr\/index.php\/wp-json\/wp\/v2\/pages\/255\/revisions"}],"predecessor-version":[{"id":427,"href":"http:\/\/www.lagrandefamilleduchien.fr\/index.php\/wp-json\/wp\/v2\/pages\/255\/revisions\/427"}],"wp:featuredmedia":[{"embeddable":true,"href":"http:\/\/www.lagrandefamilleduchien.fr\/index.php\/wp-json\/wp\/v2\/media\/256"}],"wp:attachment":[{"href":"http:\/\/www.lagrandefamilleduchien.fr\/index.php\/wp-json\/wp\/v2\/media?parent=255"}],"curies":[{"name":"wp","href":"https:\/\/api.w.org\/{rel}","templated":true}]}}